{"id":2,"date":"2026-03-29T19:33:34","date_gmt":"2026-03-29T19:33:34","guid":{"rendered":"https:\/\/centrumsarma.com\/?page_id=2"},"modified":"2026-04-05T16:58:52","modified_gmt":"2026-04-05T14:58:52","slug":"sample-page","status":"publish","type":"page","link":"https:\/\/centrumsarma.com\/","title":{"rendered":"Witamy na stronie Centrum Sarma"},"content":{"rendered":"\n<div class=\"wp-block-group alignfull has-base-color has-text-color has-background has-link-color wp-elements-75aca4ac8ba55ba86b9cea7aa3ec6256 has-global-padding is-layout-constrained wp-block-group-is-layout-constrained\" style=\"background:linear-gradient(135deg,rgb(67,146,207) 0%,rgb(184,163,163) 92%)\">\n<div class=\"wp-block-columns are-vertically-aligned-center is-layout-flex wp-container-core-columns-is-layout-28f84493 wp-block-columns-is-layout-flex\">\n<div class=\"wp-block-column is-vertically-aligned-center is-layout-flow wp-block-column-is-layout-flow\" style=\"padding-top:var(--wp--preset--spacing--50);padding-bottom:var(--wp--preset--spacing--50)\">\n<div class=\"wp-block-group is-vertical is-layout-flex wp-container-core-group-is-layout-d6b9ab57 wp-block-group-is-layout-flex\">\n<h1 class=\"wp-block-heading has-text-align-left is-style-text-wrap-balance has-contrast-color has-text-color has-link-color wp-elements-6a9ff65d6e298f2b0369d1eac2dcefe7 is-style-text-wrap-balance--1\" style=\"font-size:3.4em\">Co Je\u015bli Jutro B\u0119dzie za p\u00f3\u017ano&#8230;<\/h1>\n\n\n\n<p class=\"has-text-align-left has-contrast-color has-text-color has-link-color wp-elements-a1f2a09f75014a6c4eb2e2789cd09faa\" style=\"font-size:2.2em\">What if tommorow is too late&#8230;<\/p>\n\n\n\n<div class=\"wp-block-columns is-layout-flex wp-container-core-columns-is-layout-28f84493 wp-block-columns-is-layout-flex\">\n<div class=\"wp-block-column is-layout-flow wp-container-core-column-is-layout-e3d1c41b wp-block-column-is-layout-flow\">\n<p class=\"has-contrast-color has-text-color has-link-color wp-elements-a2d47e36cdb0d86f60f8e949f6502cab\"><\/p>\n<\/div>\n\n\n\n<div class=\"wp-block-column is-layout-flow wp-container-core-column-is-layout-e3d1c41b wp-block-column-is-layout-flow\">\n<p class=\"has-contrast-color has-text-color has-link-color wp-elements-60bf8c67e2b6a9a3c02661d382b116e1\"><\/p>\n<\/div>\n<\/div>\n\n\n\n<div class=\"wp-block-buttons is-content-justification-left is-layout-flex wp-container-core-buttons-is-layout-1aff515d wp-block-buttons-is-layout-flex\" style=\"font-style:normal;font-weight:600\"><\/div>\n<\/div>\n<\/div>\n\n\n\n<div class=\"wp-block-column is-vertically-aligned-center is-layout-flow wp-block-column-is-layout-flow\">\n<figure class=\"wp-block-image size-large has-custom-border is-style-default\" style=\"margin-top:var(--wp--preset--spacing--50);margin-bottom:var(--wp--preset--spacing--50)\"><img loading=\"lazy\" decoding=\"async\" width=\"1024\" height=\"768\" src=\"https:\/\/centrumsarma.com\/wp-content\/uploads\/2026\/03\/FaceApp_1681604300288-1024x768.jpg\" alt=\"\" class=\"wp-image-21\" style=\"border-top-left-radius:1000px;border-top-right-radius:400px;border-bottom-left-radius:400px;border-bottom-right-radius:300px;aspect-ratio:1;object-fit:cover\" srcset=\"https:\/\/centrumsarma.com\/wp-content\/uploads\/2026\/03\/FaceApp_1681604300288-1024x768.jpg 1024w, https:\/\/centrumsarma.com\/wp-content\/uploads\/2026\/03\/FaceApp_1681604300288-300x225.jpg 300w, https:\/\/centrumsarma.com\/wp-content\/uploads\/2026\/03\/FaceApp_1681604300288-768x576.jpg 768w, https:\/\/centrumsarma.com\/wp-content\/uploads\/2026\/03\/FaceApp_1681604300288-1536x1152.jpg 1536w, https:\/\/centrumsarma.com\/wp-content\/uploads\/2026\/03\/FaceApp_1681604300288.jpg 2048w\" sizes=\"auto, (max-width: 1024px) 100vw, 1024px\" \/><\/figure>\n<\/div>\n<\/div>\n\n\n\n<div class=\"wp-block-group is-style-block-overlap has-global-padding is-layout-constrained wp-block-group-is-layout-constrained is-style-block-overlap--2\">\n<div class=\"wp-block-columns has-background is-layout-flex wp-container-core-columns-is-layout-28f84493 wp-block-columns-is-layout-flex\" style=\"border-radius:10px;background-color:#ffffff;box-shadow:var(--wp--preset--shadow--natural)\">\n<div class=\"wp-block-column is-vertically-aligned-center is-layout-flow wp-block-column-is-layout-flow\" style=\"flex-basis:25%\">\n<p class=\"has-text-align-center has-contrast-color has-text-color has-link-color has-large-font-size wp-elements-7b936676bd4b6adfd2e4483e5fecdf72\"><strong>UM\u00d3W WIZYT\u0118<\/strong><\/p>\n<\/div>\n\n\n\n<div class=\"wp-block-column is-vertically-aligned-center is-layout-flow wp-block-column-is-layout-flow\" style=\"flex-basis:25%\">\n<p class=\"has-text-align-center has-contrast-color has-text-color has-link-color has-large-font-size wp-elements-b80fc0943995e2e12efec9002ae3f332\"><strong>US\u0141UGI PRAWNE<\/strong><\/p>\n<\/div>\n\n\n\n<div class=\"wp-block-column is-vertically-aligned-center is-layout-flow wp-block-column-is-layout-flow\" style=\"flex-basis:25%\">\n<p class=\"has-text-align-center has-contrast-color has-text-color has-link-color has-large-font-size wp-elements-0a78a9f967c02b43cc66e4447c2d96e8\"><strong>EBOOK<\/strong><\/p>\n<\/div>\n\n\n\n<div class=\"wp-block-column is-vertically-aligned-center is-layout-flow wp-block-column-is-layout-flow\" style=\"flex-basis:25%\">\n<p class=\"has-text-align-center has-contrast-color has-text-color has-link-color has-large-font-size wp-elements-6cecb3516fb6312bb7958ac1ebc48d14\"><strong>SZKOLENIA I WARSZTATY<\/strong><\/p>\n<\/div>\n<\/div>\n\n\n\n<p><\/p>\n<\/div>\n<\/div>\n\n\n\n<hr class=\"wp-block-separator has-alpha-channel-opacity is-style-dots\" style=\"margin-top:var(--wp--preset--spacing--80);margin-bottom:var(--wp--preset--spacing--70)\"\/>\n\n\n\n<div class=\"wp-block-group has-global-padding is-layout-constrained wp-container-core-group-is-layout-92ef7b19 wp-block-group-is-layout-constrained\">\n<div class=\"wp-block-group is-vertical is-content-justification-stretch is-layout-flex wp-container-core-group-is-layout-e9e70883 wp-block-group-is-layout-flex\">\n<h2 class=\"wp-block-heading is-style-text-wrap-balance has-x-large-font-size is-style-text-wrap-balance--3\" style=\"font-style:normal;font-weight:600\">Kim jestem?<\/h2>\n\n\n\n<h2 class=\"wp-block-heading\">SARA WINNICKA<\/h2>\n\n\n\n<p class=\"has-drop-cap is-style-text-wrap-balance has-contrast-color has-text-color has-link-color wp-elements-e2718b3f4189d4f84e5df809fdaa9191 is-style-text-wrap-balance--4\">Specjalistka \u0142\u0105cz\u0105ca w swojej praktyce g\u0142\u0119bok\u0105 wiedz\u0119 z zakresu prawa, psychologii, psychoterapii oraz ekonomii i zarz\u0105dzania.  <br>Od 26 lat szkoleniowiec trenerka i coach,  do\u015bwiadczony wyk\u0142adowca akademicki  prawnik z wieloletni\u0105 praktyk\u0105 w kancelariach a tak\u017ce trener biznesu i edukator. Autorka i wsp\u00f3\u0142autorka program\u00f3w edukacyjnych oraz licznych publikacji .  <br>Umiej\u0119tno\u015bci te potwierdzaj\u0105 liczne dyplomy uko\u0144czenia studi\u00f3w doktoranckich, studi\u00f3w wy\u017cszych  oraz certyfikaty potwierdzaj\u0105ce kwalifikacje w obszarach m.in. coaching, terapia, psychologia, prawo oraz ekonomia i zarz\u0105dzanie.<br>Od 2006 roku prowadzi w\u0142asn\u0105 dzia\u0142alno\u015b\u0107 gospodarcz\u0105.<br>Od 2023 roku pod nazw\u0105 Centrum Sarma.<\/p>\n<\/div>\n<\/div>\n\n\n\n<hr class=\"wp-block-separator has-alpha-channel-opacity is-style-dots\" style=\"margin-top:var(--wp--preset--spacing--70);margin-bottom:var(--wp--preset--spacing--70)\"\/>\n\n\n\n<div class=\"wp-block-group has-global-padding is-layout-constrained wp-block-group-is-layout-constrained\">\n<div class=\"wp-block-columns are-vertically-aligned-center is-layout-flex wp-container-core-columns-is-layout-08a2a807 wp-block-columns-is-layout-flex\">\n<div class=\"wp-block-column is-vertically-aligned-center is-style-default is-layout-flow wp-block-column-is-layout-flow\">\n<figure class=\"wp-block-image size-full has-custom-border\"><img loading=\"lazy\" decoding=\"async\" width=\"1024\" height=\"1024\" src=\"https:\/\/centrumsarma.com\/wp-content\/uploads\/2026\/03\/Drawing_assist_20260319_022647.jpg\" alt=\"\" class=\"wp-image-31\" style=\"border-radius:8px;aspect-ratio:3\/4;object-fit:cover\" srcset=\"https:\/\/centrumsarma.com\/wp-content\/uploads\/2026\/03\/Drawing_assist_20260319_022647.jpg 1024w, https:\/\/centrumsarma.com\/wp-content\/uploads\/2026\/03\/Drawing_assist_20260319_022647-300x300.jpg 300w, https:\/\/centrumsarma.com\/wp-content\/uploads\/2026\/03\/Drawing_assist_20260319_022647-150x150.jpg 150w, https:\/\/centrumsarma.com\/wp-content\/uploads\/2026\/03\/Drawing_assist_20260319_022647-768x768.jpg 768w\" sizes=\"auto, (max-width: 1024px) 100vw, 1024px\" \/><\/figure>\n<\/div>\n\n\n\n<div class=\"wp-block-column is-vertically-aligned-center is-style-default is-layout-flow wp-block-column-is-layout-flow\">\n<div class=\"wp-block-group is-vertical is-content-justification-stretch is-layout-flex wp-container-core-group-is-layout-0111e8f6 wp-block-group-is-layout-flex\">\n<div class=\"wp-block-group is-vertical is-content-justification-stretch is-layout-flex wp-container-core-group-is-layout-af0ab92c wp-block-group-is-layout-flex\">\n<h2 class=\"wp-block-heading has-x-large-font-size\" style=\"font-style:normal;font-weight:600\">O mnie<\/h2>\n\n\n\n<p class=\"is-style-text-wrap-balance has-medium-font-size is-style-text-wrap-balance--5\">Je\u015bli chcesz si\u0119 zapozna\u0107 z moj\u0105 edukacj\u0105 (dyplomy, certyfikaty) :<\/p>\n\n\n\n<p style=\"font-style:normal;font-weight:700\"><a href=\"https:\/\/www.linkedin.com\/in\/sara-winnicka-centrumsarma\/?originalSubdomain=pl\" rel=\"nofollow\">Edukacja \u2192<\/a><\/p>\n<\/div>\n\n\n\n<div class=\"wp-block-group has-base-midtone-background-color has-background wp-container-content-9cfa9a5a is-vertical is-layout-flex wp-container-core-group-is-layout-accac6ca wp-block-group-is-layout-flex\" style=\"padding-top:var(--wp--preset--spacing--60);padding-right:var(--wp--preset--spacing--50);padding-bottom:var(--wp--preset--spacing--60);padding-left:var(--wp--preset--spacing--50)\">\n<p><strong>Zaufali mi<\/strong><\/p>\n\n\n\n<ul style=\"padding-right:1em;padding-left:1em\" class=\"wp-block-list is-style-text-wrap-balance has-contrast-midtone-color has-text-color has-link-color wp-elements-b79dad4d4876d136b5187b78f3a6f997 is-style-text-wrap-balance--6\">\n<li> Jysk, PGNiG, Enea, Polska Grupa Zbrojeniowa, Altkom Akademia, Motive Media, BNI, JW Construction, Koncept Baum, Marvipol, Edbud, Wik Consulting, BCRS, Kepner Tregoe, Agencja Consultingu Gospodarczego Akord , Centrum Szkole\u0144 CSS, Instytut Zarz\u0105dzania Informacj\u0105, Instytut ADN, Mi\u0119dzynarodowy Instytut Pa\u0144stwa i Prawa, Bank \u015al\u0105ski, Kredyt Bank PBI S.A. , Przedsi\u0119biorstwo Eksploatacji Ruroci\u0105g\u00f3w Naftowych, Centrum Szkole\u0144 AW,  CSP Legionowo, E-learning Lab, Ministerstwo Sprawiedliwo\u015bci, Pa\u0144stwowy Fundusz Rehabilitacji Os\u00f3b Niepe\u0142nosprawnych (PFRON)<\/li>\n\n\n\n<li>Firmy MLM m.in. &#8211; Amway, Oriflame, Avon, DNB i inne<\/li>\n\n\n\n<li>starostwa powiatowe, sp\u00f3\u0142dzielnie mieszkaniowe, rady pedagogiczne, kuratoria, banki, biura rachunkowe<\/li>\n\n\n\n<li>Politechnika Krakowska, Uczelnia \u0141azarskiego, Uczelnia Techniczno-Handlowa im. Heleny Chodkowskiej<\/li>\n\n\n\n<li>Fundacje (Fundacja Oblivion, Fundacja Do\u015b\u0107) i Stowarzyszenia (SOI : Stowarzyszenie Obywatelskich Inicjatyw)<\/li>\n\n\n\n<li>Ponad 56 lice\u00f3w, technik\u00f3w i szk\u00f3\u0142 zawodowych w Polsce \u2013 wyk\u0142ady z zakresu edukacji prawnej i psychologicznej<\/li>\n\n\n\n<li>Szko\u0142y podstawowe i \u015brednie &#8211; szkolenia z zakresu wirtualnej rzeczywisto\u015bci i bezpiecze\u0144stwa<\/li>\n<\/ul>\n<\/div>\n<\/div>\n<\/div>\n<\/div>\n<\/div>\n\n\n\n<hr class=\"wp-block-separator has-alpha-channel-opacity is-style-dots\" style=\"margin-top:var(--wp--preset--spacing--80);margin-bottom:var(--wp--preset--spacing--70)\"\/>\n\n\n\n<h2 class=\"wp-block-heading\">Aktualno\u015bci . Blog .<\/h2>\n\n\n\n<figure class=\"wp-block-image size-large is-resized\"><img loading=\"lazy\" decoding=\"async\" width=\"1812\" height=\"1813\" src=\"https:\/\/centrumsarma.com\/wp-content\/uploads\/2026\/04\/Screenshot_20260404_163425_Gallery-edited-1.jpg\" alt=\"\" class=\"wp-image-57\" style=\"aspect-ratio:0.8330079396069244;width:1200px;height:auto\" srcset=\"https:\/\/centrumsarma.com\/wp-content\/uploads\/2026\/04\/Screenshot_20260404_163425_Gallery-edited-1.jpg 1812w, https:\/\/centrumsarma.com\/wp-content\/uploads\/2026\/04\/Screenshot_20260404_163425_Gallery-edited-1-300x300.jpg 300w, https:\/\/centrumsarma.com\/wp-content\/uploads\/2026\/04\/Screenshot_20260404_163425_Gallery-edited-1-1024x1024.jpg 1024w, https:\/\/centrumsarma.com\/wp-content\/uploads\/2026\/04\/Screenshot_20260404_163425_Gallery-edited-1-150x150.jpg 150w, https:\/\/centrumsarma.com\/wp-content\/uploads\/2026\/04\/Screenshot_20260404_163425_Gallery-edited-1-768x768.jpg 768w, https:\/\/centrumsarma.com\/wp-content\/uploads\/2026\/04\/Screenshot_20260404_163425_Gallery-edited-1-1536x1536.jpg 1536w\" sizes=\"auto, (max-width: 1812px) 100vw, 1812px\" \/><\/figure>\n\n\n\n<div class=\"wp-block-query has-global-padding is-content-justification-center is-layout-constrained wp-block-query-is-layout-constrained\"><ul class=\"columns-1 wp-block-post-template is-layout-grid wp-container-core-post-template-is-layout-bc7a1266 wp-block-post-template-is-layout-grid\"><li class=\"wp-block-post post-1 post type-post status-publish format-standard hentry category-uncategorized\">\n\n<div class=\"wp-block-group is-style-default is-vertical is-content-justification-stretch is-layout-flex wp-container-core-group-is-layout-10aa8498 wp-block-group-is-layout-flex\" style=\"margin-bottom:var(--wp--preset--spacing--40)\">\n<div class=\"wp-block-cover is-light\" style=\"min-height:466px;aspect-ratio:unset;\"><img loading=\"lazy\" decoding=\"async\" width=\"2560\" height=\"1797\" class=\"wp-block-cover__image-background wp-image-23 size-full\" alt=\"\" src=\"https:\/\/centrumsarma.com\/wp-content\/uploads\/2026\/03\/Drawing_assist_20260205_1701081-1-scaled.jpg\" style=\"object-position:52% 24%\" data-object-fit=\"cover\" data-object-position=\"52% 24%\" srcset=\"https:\/\/centrumsarma.com\/wp-content\/uploads\/2026\/03\/Drawing_assist_20260205_1701081-1-scaled.jpg 2560w, https:\/\/centrumsarma.com\/wp-content\/uploads\/2026\/03\/Drawing_assist_20260205_1701081-1-300x211.jpg 300w, https:\/\/centrumsarma.com\/wp-content\/uploads\/2026\/03\/Drawing_assist_20260205_1701081-1-1024x719.jpg 1024w, https:\/\/centrumsarma.com\/wp-content\/uploads\/2026\/03\/Drawing_assist_20260205_1701081-1-768x539.jpg 768w, https:\/\/centrumsarma.com\/wp-content\/uploads\/2026\/03\/Drawing_assist_20260205_1701081-1-1536x1078.jpg 1536w, https:\/\/centrumsarma.com\/wp-content\/uploads\/2026\/03\/Drawing_assist_20260205_1701081-1-2048x1437.jpg 2048w\" sizes=\"auto, (max-width: 2560px) 100vw, 2560px\" \/><span aria-hidden=\"true\" class=\"wp-block-cover__background has-background-dim\" style=\"background-color:#f2f2f2\"><\/span><div class=\"wp-block-cover__inner-container is-layout-flow wp-block-cover-is-layout-flow\">\n<p class=\"has-text-align-center is-style-text-wrap-balance has-contrast-color has-text-color has-link-color wp-elements-0adaef5dd709be2105991f67ee25d701 is-style-text-wrap-balance--7\" style=\"font-size:3em\"><br><br><br><kbd>W PRZYGOTOWANIU<\/kbd><\/p>\n<\/div><\/div>\n\n\n\n<div class=\"wp-block-group has-base-midtone-background-color has-background has-global-padding is-layout-constrained wp-block-group-is-layout-constrained\" style=\"border-radius:5px\"><\/div>\n<\/div>\n\n<\/li><\/ul><\/div>\n","protected":false},"excerpt":{"rendered":"<p>Co Je\u015bli Jutro B\u0119dzie za p\u00f3\u017ano&#8230; What if tommorow is too late&#8230; UM\u00d3W WIZYT\u0118 US\u0141UGI PRAWNE EBOOK SZKOLENIA I WARSZTATY Kim jestem? SARA WINNICKA Specjalistka \u0142\u0105cz\u0105ca w swojej praktyce g\u0142\u0119bok\u0105 wiedz\u0119 z zakresu prawa, psychologii, psychoterapii oraz ekonomii i zarz\u0105dzania. Od 26 lat szkoleniowiec trenerka i coach, do\u015bwiadczony wyk\u0142adowca akademicki prawnik z wieloletni\u0105 praktyk\u0105 w [&hellip;]<\/p>\n","protected":false},"author":1,"featured_media":0,"parent":0,"menu_order":0,"comment_status":"closed","ping_status":"open","template":"","meta":{"footnotes":""},"class_list":["post-2","page","type-page","status-publish","hentry"],"_links":{"self":[{"href":"https:\/\/centrumsarma.com\/index.php?rest_route=\/wp\/v2\/pages\/2","targetHints":{"allow":["GET"]}}],"collection":[{"href":"https:\/\/centrumsarma.com\/index.php?rest_route=\/wp\/v2\/pages"}],"about":[{"href":"https:\/\/centrumsarma.com\/index.php?rest_route=\/wp\/v2\/types\/page"}],"author":[{"embeddable":true,"href":"https:\/\/centrumsarma.com\/index.php?rest_route=\/wp\/v2\/users\/1"}],"replies":[{"embeddable":true,"href":"https:\/\/centrumsarma.com\/index.php?rest_route=%2Fwp%2Fv2%2Fcomments&post=2"}],"version-history":[{"count":11,"href":"https:\/\/centrumsarma.com\/index.php?rest_route=\/wp\/v2\/pages\/2\/revisions"}],"predecessor-version":[{"id":58,"href":"https:\/\/centrumsarma.com\/index.php?rest_route=\/wp\/v2\/pages\/2\/revisions\/58"}],"wp:attachment":[{"href":"https:\/\/centrumsarma.com\/index.php?rest_route=%2Fwp%2Fv2%2Fmedia&parent=2"}],"curies":[{"name":"wp","href":"https:\/\/api.w.org\/{rel}","templated":true}]}}